{"id":140,"date":"2020-04-27T19:06:12","date_gmt":"2020-04-27T19:06:12","guid":{"rendered":"http:\/\/kainz-eisenberger.at\/wop\/?page_id=140"},"modified":"2023-01-26T13:16:47","modified_gmt":"2023-01-26T13:16:47","slug":"tem","status":"publish","type":"page","link":"https:\/\/kainz-eisenberger.at\/index.php\/tem\/","title":{"rendered":"TEM"},"content":{"rendered":"\n<p class=\"has-text-align-center has-medium-font-size\"><strong>T<\/strong>raditionelle <strong>E<\/strong>urop\u00e4ische<strong> M<\/strong>edizin<\/p>\n\n\n\n<figure class=\"wp-block-image size-large\"><img loading=\"lazy\" decoding=\"async\" width=\"1024\" height=\"993\" src=\"https:\/\/kainz-eisenberger.at\/wp-content\/uploads\/2020\/05\/4elemente-1024x993.png\" alt=\"\" class=\"wp-image-208\"\/><\/figure>\n\n\n\n<p>Die <strong>T<\/strong>raditionelle <strong>E<\/strong>urop\u00e4ische <strong>M<\/strong>edizin versteht sich als ganzheitliches Gesundheitskonzept, welches auf der &#8222;4-S\u00e4fte-Lehre&#8220; beruht.<br><strong>Phlegma, Sanguis, Chole und Melanchole<\/strong> stehen in Bezug zu den 4 Elementen <strong>Wasser, Luft, Feuer<\/strong> und <strong>Erde<\/strong>, sind jedoch keine nat\u00fcrlich<br>vorkommenden S\u00e4fte. Sie dienen lediglich dem Verst\u00e4ndnis. Ziel dieser Lehre ist es, den Organismus in Balance zu halten. Die unterschiedlichen <strong>Gewichtungen<\/strong> dieser <strong>S\u00e4fte<\/strong> ergeben die sogenannten <strong>Temperamente<\/strong>.<\/p>\n\n\n\n<p><br><strong>Phlegmatiker: der Entspannte<br>Sanguiniker: der Fr\u00f6hliche<br>Choleriker: der Schwungvolle<br>Melancholiker: der Nachdenkliche<\/strong><\/p>\n\n\n\n<p><br>Jedoch verf\u00fcgt jeder Mensch \u00fcber sein ganz <strong>individuelles &#8222;Mischverh\u00e4ltnis&#8220;<\/strong> und beherbergt stets alle Temperamente in unterschiedlicher Gewichtung. Das Prinzip der vier S\u00e4fte gilt aber nicht nur f\u00fcr den Menschen, es findet sich in jedem lebenden Organismus wieder. Aus diesem Grund kann man mit Hilfe der <strong>Lebensmittel<\/strong> auf den <strong>Organismus einwirken<\/strong>.<\/p>\n\n\n\n<p><br><strong>Es gibt weder &#8222;gute&#8220; noch &#8222;schlechte&#8220; Lebensmittel<\/strong>, <strong>es kommt lediglich auf die eigene Konstitution und die Dosis an.<\/strong><\/p>\n\n\n\n<p><br>Ziel der TEM ist es, mit Hilfe der Ern\u00e4hrung das physiologische Gleichgewicht zu bewahren.<\/p>\n\n\n\n<p class=\"has-text-align-center\">&#8222;<em><strong>Was der Hufschmiedin dienlich, bringt den Schneider um&#8220;<\/strong><\/em><\/p>\n\n\n\n<p><\/p>\n","protected":false},"excerpt":{"rendered":"<p>Traditionelle Europ\u00e4ische Medizin Die Traditionelle Europ\u00e4ische Medizin versteht sich als ganzheitliches Gesundheitskonzept, welches auf der &#8222;4-S\u00e4fte-Lehre&#8220; beruht.Phlegma, Sanguis, Chole und&hellip;<\/p>\n","protected":false},"author":1,"featured_media":383,"parent":0,"menu_order":0,"comment_status":"closed","ping_status":"closed","template":"","meta":{"footnotes":""},"_links":{"self":[{"href":"https:\/\/kainz-eisenberger.at\/index.php\/wp-json\/wp\/v2\/pages\/140"}],"collection":[{"href":"https:\/\/kainz-eisenberger.at\/index.php\/wp-json\/wp\/v2\/pages"}],"about":[{"href":"https:\/\/kainz-eisenberger.at\/index.php\/wp-json\/wp\/v2\/types\/page"}],"author":[{"embeddable":true,"href":"https:\/\/kainz-eisenberger.at\/index.php\/wp-json\/wp\/v2\/users\/1"}],"replies":[{"embeddable":true,"href":"https:\/\/kainz-eisenberger.at\/index.php\/wp-json\/wp\/v2\/comments?post=140"}],"version-history":[{"count":9,"href":"https:\/\/kainz-eisenberger.at\/index.php\/wp-json\/wp\/v2\/pages\/140\/revisions"}],"predecessor-version":[{"id":518,"href":"https:\/\/kainz-eisenberger.at\/index.php\/wp-json\/wp\/v2\/pages\/140\/revisions\/518"}],"wp:featuredmedia":[{"embeddable":true,"href":"https:\/\/kainz-eisenberger.at\/index.php\/wp-json\/wp\/v2\/media\/383"}],"wp:attachment":[{"href":"https:\/\/kainz-eisenberger.at\/index.php\/wp-json\/wp\/v2\/media?parent=140"}],"curies":[{"name":"wp","href":"https:\/\/api.w.org\/{rel}","templated":true}]}}