{"id":179,"date":"2020-05-05T19:09:00","date_gmt":"2020-05-05T19:09:00","guid":{"rendered":"http:\/\/kainz-eisenberger.at\/wop\/?page_id=179"},"modified":"2020-11-28T08:05:48","modified_gmt":"2020-11-28T08:05:48","slug":"ueber-mich","status":"publish","type":"page","link":"https:\/\/kainz-eisenberger.at\/index.php\/ueber-mich\/","title":{"rendered":"\u00dcber mich"},"content":{"rendered":"\n<figure class=\"wp-block-image size-large\"><img loading=\"lazy\" decoding=\"async\" width=\"768\" height=\"512\" src=\"http:\/\/kainz-eisenberger.at\/wop\/wp-content\/uploads\/2020\/05\/Elisabeth-Kainz-Eisenberger-768x512-1.jpg\" alt=\"\" class=\"wp-image-180\" srcset=\"https:\/\/kainz-eisenberger.at\/wp-content\/uploads\/2020\/05\/Elisabeth-Kainz-Eisenberger-768x512-1.jpg 768w, https:\/\/kainz-eisenberger.at\/wp-content\/uploads\/2020\/05\/Elisabeth-Kainz-Eisenberger-768x512-1-300x200.jpg 300w, https:\/\/kainz-eisenberger.at\/wp-content\/uploads\/2020\/05\/Elisabeth-Kainz-Eisenberger-768x512-1-75x50.jpg 75w, https:\/\/kainz-eisenberger.at\/wp-content\/uploads\/2020\/05\/Elisabeth-Kainz-Eisenberger-768x512-1-750x500.jpg 750w\" sizes=\"(max-width: 768px) 100vw, 768px\" \/><\/figure>\n\n\n\n<p>Mein Name ist Elisabeth Kainz-Eisenberger und mein Herz schl\u00e4gt f\u00fcr nat\u00fcrliche, unverf\u00e4lschte Lebensmittel.<\/p>\n\n\n\n<p>Ich war 15 Jahre in einem Gro\u00dfhandelsunternehmen im Innendienst t\u00e4tig. Nach der Geburt meiner Tochter besch\u00e4ftigte ich mich intensiv mit dem Thema Ern\u00e4hrung, welches mich schon mein ganzes Leben begleitete und f\u00fcr mich schon immer einen sehr gro\u00dfen Stellenwert hatte. Da laufend neue Ern\u00e4hrungsempfehlungen publiziert werden und so viele gegens\u00e4tzliche Meinungen in Bezug auf Ern\u00e4hrung kursierten, suchte ich nach einer plausiblen Antwort und fand diese in unserem Ursprung und unseren kulinarischen Wurzeln. Ich hatte das Gl\u00fcck von Arnold Mayer, einem der renommiertesten Vertreter der TEM, in Zusammenarbeit mit Siegfried Wintgen, Ern\u00e4hrungswissenschafter und K\u00fcchenmeister, ausgebildet zu werden.<\/p>\n\n\n\n<p>Da ich ein absoluter Genussmensch bin und der Genuss f\u00fcr eine gesunde Ern\u00e4hrung unerl\u00e4sslich ist, gebe ich mein Wissen gerne in Form von Seminaren und Kochworkshops weiter.<\/p>\n\n\n\n<p>Ich lege auch allerh\u00f6chsten Wert, nur Lebensmittel aus der Region, wenn m\u00f6glich aus biologischer Landwirtschaft zu verwenden. Das hei\u00dft nicht, dass man auf Importe grunds\u00e4tzlich verzichten muss. Import ist f\u00fcr mich in Ordnung, dort wo er Sinn macht. Gew\u00fcrze spielen in der TEM eine gro\u00dfe Rolle. Da wir viele von diesen nicht selber kultivieren k\u00f6nnen, sind wir auf Importe angewiesen. Im Vergleich zu frischem Obst, Gem\u00fcse oder Fleisch ist es im Verh\u00e4ltnis eine sehr geringe Menge und im Transport auch eher unempfindlich.<\/p>\n\n\n\n<div class=\"wp-block-columns is-layout-flex wp-container-core-columns-is-layout-1 wp-block-columns-is-layout-flex\">\n<div class=\"wp-block-column is-layout-flow wp-block-column-is-layout-flow\" style=\"flex-basis:66.66%\">\n<figure class=\"wp-block-image alignwide size-large\"><img loading=\"lazy\" decoding=\"async\" width=\"1024\" height=\"683\" src=\"http:\/\/kainz-eisenberger.at\/wop\/wp-content\/uploads\/2020\/05\/bg-1024x683.jpg\" alt=\"\" class=\"wp-image-201\"\/><\/figure>\n\n\n\n<p><\/p>\n<\/div>\n\n\n\n<div class=\"wp-block-column is-layout-flow wp-block-column-is-layout-flow\" style=\"flex-basis:33.33%\">\n<div class=\"wp-block-group alignwide\"><div class=\"wp-block-group__inner-container is-layout-flow wp-block-group-is-layout-flow\">\n<div class=\"wp-block-group alignwide is-layout-flow wp-block-group-is-layout-flow\"><div class=\"wp-block-group__inner-container\"><\/div><\/div>\n<\/div><\/div>\n<\/div>\n<\/div>\n\n\n\n<p>Ich liebe es, mit Lebensmittel zu arbeiten und zu experimentieren, m\u00f6chte aber auch traditionelles Wissen um die Ern\u00e4hrung bewahren und weitergeben.<br>Bei meinen Workshops ist es mir wichtig, ein Gef\u00fchl f\u00fcr den Rhythmus der Natur, den Jahreszeiten und dem eigenen Lebensabschnitt zu vermitteln.<\/p>\n\n\n\n<p><\/p>\n\n\n\n<div class=\"wp-block-media-text alignwide is-stacked-on-mobile\" style=\"grid-template-columns:25% auto\"><figure class=\"wp-block-media-text__media\"><img loading=\"lazy\" decoding=\"async\" width=\"679\" height=\"569\" src=\"http:\/\/kainz-eisenberger.at\/wop\/wp-content\/uploads\/2020\/11\/logo_q_ohne_text.png\" alt=\"\" class=\"wp-image-268\" srcset=\"https:\/\/kainz-eisenberger.at\/wp-content\/uploads\/2020\/11\/logo_q_ohne_text.png 679w, https:\/\/kainz-eisenberger.at\/wp-content\/uploads\/2020\/11\/logo_q_ohne_text-300x251.png 300w\" sizes=\"(max-width: 679px) 100vw, 679px\" \/><\/figure><div class=\"wp-block-media-text__content\">\n<p class=\"has-text-color\" style=\"color:#803300\"><strong>Elisabeth Kainz-Eisenberger <\/strong><br><strong>TEM-Ern\u00e4hrungsexpertin<\/strong><br><strong>\u00a0<a href=\"mailto:elisabeth@eisenberger.at\">elisabeth@eisenberger.at<\/a>\u00a0 <\/strong><br><a href=\"https:\/\/www.kainz-eisenberger.at\"><strong>www.kainz-eisenberger.at<\/strong><\/a><br><strong><strong><a href=\"tel: +4366473032446\">0664\/73 03 2446<\/a><\/strong>\u00a0\u00a0\u00a0\u00a0\u00a0\u00a0\u00a0\u00a0\u00a0\u00a0\u00a0\u00a0\u00a0 <\/strong><\/p>\n<\/div><\/div>\n\n\n\n<p><\/p>\n","protected":false},"excerpt":{"rendered":"<p>Mein Name ist Elisabeth Kainz-Eisenberger und mein Herz schl\u00e4gt f\u00fcr nat\u00fcrliche, unverf\u00e4lschte Lebensmittel. Ich war 15 Jahre in einem Gro\u00dfhandelsunternehmen&hellip;<\/p>\n","protected":false},"author":1,"featured_media":316,"parent":0,"menu_order":0,"comment_status":"closed","ping_status":"closed","template":"","meta":{"footnotes":""},"_links":{"self":[{"href":"https:\/\/kainz-eisenberger.at\/index.php\/wp-json\/wp\/v2\/pages\/179"}],"collection":[{"href":"https:\/\/kainz-eisenberger.at\/index.php\/wp-json\/wp\/v2\/pages"}],"about":[{"href":"https:\/\/kainz-eisenberger.at\/index.php\/wp-json\/wp\/v2\/types\/page"}],"author":[{"embeddable":true,"href":"https:\/\/kainz-eisenberger.at\/index.php\/wp-json\/wp\/v2\/users\/1"}],"replies":[{"embeddable":true,"href":"https:\/\/kainz-eisenberger.at\/index.php\/wp-json\/wp\/v2\/comments?post=179"}],"version-history":[{"count":21,"href":"https:\/\/kainz-eisenberger.at\/index.php\/wp-json\/wp\/v2\/pages\/179\/revisions"}],"predecessor-version":[{"id":497,"href":"https:\/\/kainz-eisenberger.at\/index.php\/wp-json\/wp\/v2\/pages\/179\/revisions\/497"}],"wp:featuredmedia":[{"embeddable":true,"href":"https:\/\/kainz-eisenberger.at\/index.php\/wp-json\/wp\/v2\/media\/316"}],"wp:attachment":[{"href":"https:\/\/kainz-eisenberger.at\/index.php\/wp-json\/wp\/v2\/media?parent=179"}],"curies":[{"name":"wp","href":"https:\/\/api.w.org\/{rel}","templated":true}]}}