{"id":319,"date":"2020-11-21T21:34:23","date_gmt":"2020-11-21T21:34:23","guid":{"rendered":"http:\/\/kainz-eisenberger.at\/wop\/?page_id=319"},"modified":"2020-11-23T21:00:13","modified_gmt":"2020-11-23T21:00:13","slug":"kochen-im-team","status":"publish","type":"page","link":"https:\/\/kainz-eisenberger.at\/index.php\/kochen-im-team\/","title":{"rendered":"Kochen im Team"},"content":{"rendered":"\n<p>M\u00f6chtest du mit besonderen Menschen nicht einfach nur essen gehen, sondern schon das gemeinsame Kochen zum Erlebnis machen?<\/p>\n\n\n\n<p>Suchst du ein einmaliges Erlebnis im wundersch\u00f6nen Ambiente f\u00fcr deine n\u00e4chste Firmenfeier?<\/p>\n\n\n\n<p>Willst du in deinem Verein den Teamgeist f\u00f6rdern?<\/p>\n\n\n\n<p>M\u00f6chtest du deine Mitarbeiter zu einer ges\u00fcnderen Lebensweise motivieren?<\/p>\n\n\n\n<p>Egal welche Motivation dahinter steht, ich freu mich auf deine Anfrage.<\/p>\n\n\n\n<p>Ort: Eisenbergerhof, 8045 Weinitzen<\/p>\n\n\n\n<h2 class=\"wp-block-heading\">Kontakt<\/h2>\n\n\n\n<p>Elisabeth Kainz-Eisenberger<br><a href=\"mailto:mailto:elisabeth@eisenberger.at?Subject=Kochen im Team\">elisabeth@eisenberger.at<\/a><br><a href=\"tel:0664 \/ 73 03 2446\">0664 \/ 73 03 2446<\/a><\/p>\n\n\n\n<h2 class=\"wp-block-heading\">Preis<\/h2>\n\n\n\n<p>ab \u20ac 54,-\/Person<\/p>\n","protected":false},"excerpt":{"rendered":"<p>M\u00f6chtest du mit besonderen Menschen nicht einfach nur essen gehen, sondern schon das gemeinsame Kochen zum Erlebnis machen? Suchst du&hellip;<\/p>\n","protected":false},"author":1,"featured_media":389,"parent":0,"menu_order":0,"comment_status":"closed","ping_status":"closed","template":"","meta":{"footnotes":""},"_links":{"self":[{"href":"https:\/\/kainz-eisenberger.at\/index.php\/wp-json\/wp\/v2\/pages\/319"}],"collection":[{"href":"https:\/\/kainz-eisenberger.at\/index.php\/wp-json\/wp\/v2\/pages"}],"about":[{"href":"https:\/\/kainz-eisenberger.at\/index.php\/wp-json\/wp\/v2\/types\/page"}],"author":[{"embeddable":true,"href":"https:\/\/kainz-eisenberger.at\/index.php\/wp-json\/wp\/v2\/users\/1"}],"replies":[{"embeddable":true,"href":"https:\/\/kainz-eisenberger.at\/index.php\/wp-json\/wp\/v2\/comments?post=319"}],"version-history":[{"count":1,"href":"https:\/\/kainz-eisenberger.at\/index.php\/wp-json\/wp\/v2\/pages\/319\/revisions"}],"predecessor-version":[{"id":321,"href":"https:\/\/kainz-eisenberger.at\/index.php\/wp-json\/wp\/v2\/pages\/319\/revisions\/321"}],"wp:featuredmedia":[{"embeddable":true,"href":"https:\/\/kainz-eisenberger.at\/index.php\/wp-json\/wp\/v2\/media\/389"}],"wp:attachment":[{"href":"https:\/\/kainz-eisenberger.at\/index.php\/wp-json\/wp\/v2\/media?parent=319"}],"curies":[{"name":"wp","href":"https:\/\/api.w.org\/{rel}","templated":true}]}}